{"id":1050,"date":"2025-10-17T09:19:08","date_gmt":"2025-10-17T07:19:08","guid":{"rendered":"https:\/\/www.zahnarzt-balan.de\/impressum\/"},"modified":"2026-01-13T06:43:03","modified_gmt":"2026-01-13T05:43:03","slug":"legal-notice","status":"publish","type":"page","link":"https:\/\/www.zahnarzt-balan.de\/en\/legal-notice\/","title":{"rendered":"Legal Notice"},"content":{"rendered":"\t\t<div data-elementor-type=\"wp-page\" data-elementor-id=\"1050\" class=\"elementor elementor-1050 elementor-569\" data-elementor-post-type=\"page\">\n\t\t\t\t<div class=\"elementor-element elementor-element-493ba70 e-flex e-con-boxed e-con e-parent\" data-id=\"493ba70\" data-element_type=\"container\">\n\t\t\t\t\t<div class=\"e-con-inner\">\n\t\t\t\t<div class=\"elementor-element elementor-element-7753977 elementor-widget elementor-widget-heading\" data-id=\"7753977\" data-element_type=\"widget\" data-widget_type=\"heading.default\">\n\t\t\t\t\t<h1 class=\"elementor-heading-title elementor-size-default\">Legal Notice<\/h1>\t\t\t\t<\/div>\n\t\t\t\t<div class=\"elementor-element elementor-element-119f7de elementor-widget elementor-widget-heading\" data-id=\"119f7de\" data-element_type=\"widget\" data-widget_type=\"heading.default\">\n\t\t\t\t\t<h2 class=\"elementor-heading-title elementor-size-default\">Legal notice<\/h2>\t\t\t\t<\/div>\n\t\t\t\t<div class=\"elementor-element elementor-element-1cce8c1 elementor-widget elementor-widget-text-editor\" data-id=\"1cce8c1\" data-element_type=\"widget\" data-widget_type=\"text-editor.default\">\n\t\t\t\t\t\t\t\t\t<p class=\"p1\">Dental Practice<br \/>Dr. med. dent. Robert Balan<br \/>36 Hauptstrasse<br \/>69117 Heidelberg, Germany<\/p>\t\t\t\t\t\t\t\t<\/div>\n\t\t\t\t<div class=\"elementor-element elementor-element-47c5d8f elementor-widget elementor-widget-heading\" data-id=\"47c5d8f\" data-element_type=\"widget\" data-widget_type=\"heading.default\">\n\t\t\t\t\t<h2 class=\"elementor-heading-title elementor-size-default\">Contact<\/h2>\t\t\t\t<\/div>\n\t\t\t\t<div class=\"elementor-element elementor-element-daccf28 elementor-widget elementor-widget-text-editor\" data-id=\"daccf28\" data-element_type=\"widget\" data-widget_type=\"text-editor.default\">\n\t\t\t\t\t\t\t\t\t<p class=\"p1\">Telephone: 06221 \u2013 2 76 10<br \/>Fax: 06221 \u2013 61 63 15<br \/>E-Mail: info@zahnarzt-balan.de<\/p>\t\t\t\t\t\t\t\t<\/div>\n\t\t\t\t<div class=\"elementor-element elementor-element-23a2396 elementor-widget elementor-widget-heading\" data-id=\"23a2396\" data-element_type=\"widget\" data-widget_type=\"heading.default\">\n\t\t\t\t\t<h2 class=\"elementor-heading-title elementor-size-default\">VAT Registration Number<\/h2>\t\t\t\t<\/div>\n\t\t\t\t<div class=\"elementor-element elementor-element-fe239d6 elementor-widget elementor-widget-text-editor\" data-id=\"fe239d6\" data-element_type=\"widget\" data-widget_type=\"text-editor.default\">\n\t\t\t\t\t\t\t\t\t<p class=\"p1\">VAT identification number in accordance with Section 27a of the Value Added Tax Act:<br \/>32011 \/ 39587<\/p>\t\t\t\t\t\t\t\t<\/div>\n\t\t\t\t<div class=\"elementor-element elementor-element-11a0fd0 elementor-widget elementor-widget-heading\" data-id=\"11a0fd0\" data-element_type=\"widget\" data-widget_type=\"heading.default\">\n\t\t\t\t\t<h2 class=\"elementor-heading-title elementor-size-default\">Supervisory Authority<\/h2>\t\t\t\t<\/div>\n\t\t\t\t<div class=\"elementor-element elementor-element-d43968d elementor-widget elementor-widget-text-editor\" data-id=\"d43968d\" data-element_type=\"widget\" data-widget_type=\"text-editor.default\">\n\t\t\t\t\t\t\t\t\t<p class=\"p1\">Association of Statutory Health Insurance Dentists for the Karlsruhe Administrative District<br \/>Joseph-Meyer-Str. 8\u201310<br \/>68167 Mannheim, Germany<br \/>Tel.: +49 621 38 00 00<br \/><span style=\"text-decoration: underline;\"><a href=\"https:\/\/www.kzvbw.de\/\" target=\"_blank\" rel=\"noopener\">https:\/\/www.kzvbw.de\/<\/a><\/span><\/p>\t\t\t\t\t\t\t\t<\/div>\n\t\t\t\t<div class=\"elementor-element elementor-element-26626a9 elementor-widget elementor-widget-heading\" data-id=\"26626a9\" data-element_type=\"widget\" data-widget_type=\"heading.default\">\n\t\t\t\t\t<h2 class=\"elementor-heading-title elementor-size-default\">Professional Title and Professional Regulations<\/h2>\t\t\t\t<\/div>\n\t\t\t\t<div class=\"elementor-element elementor-element-3f8f448 elementor-widget elementor-widget-text-editor\" data-id=\"3f8f448\" data-element_type=\"widget\" data-widget_type=\"text-editor.default\">\n\t\t\t\t\t\t\t\t\t<p class=\"p1\"><strong>Professional Title:<\/strong><br \/>Dentist<\/p><p class=\"p1\"><strong>Competent Chamber:<\/strong><br \/>State Chamber of Dentists of Baden-W\u00fcrttemberg<br \/>Albstadtweg 9<br \/>70567 Stuttgart, Germany<br \/>Tel: +49 711 22 84 50<\/p><p class=\"p1\"><strong>Awarded in:<\/strong><br \/>Germany<\/p><p class=\"p1\"><strong>The following professional regulations apply:<\/strong><br \/>Dentistry Act (Zahnheilkundegesetz);<br \/>Act on the Chambers of the Health Professions (Heilberufe-Kammergesetz);<br \/>Fee Schedule for Dentists (Geb\u00fchrenordnung f\u00fcr Zahn\u00e4rzte);<br \/>Professional Code of Conduct for Dentists<\/p><p class=\"p1\"><strong>Available for inspection at:<\/strong><br \/><span style=\"text-decoration: underline;\"><a href=\"https:\/\/lzk-bw.de\/patienten\/gesetzliche-regelungen-zur-zahnaerztlichen-berufsausuebung\/\" target=\"_blank\" rel=\"noopener\">https:\/\/lzk-bw.de\/patienten\/gesetzliche-regelungen-zur-zahnaerztlichen-berufsausuebung\/<\/a><\/span><\/p>\t\t\t\t\t\t\t\t<\/div>\n\t\t\t\t<div class=\"elementor-element elementor-element-c035267 elementor-widget elementor-widget-heading\" data-id=\"c035267\" data-element_type=\"widget\" data-widget_type=\"heading.default\">\n\t\t\t\t\t<h2 class=\"elementor-heading-title elementor-size-default\">Information on Professional Liability Insurance<\/h2>\t\t\t\t<\/div>\n\t\t\t\t<div class=\"elementor-element elementor-element-9830a44 elementor-widget elementor-widget-text-editor\" data-id=\"9830a44\" data-element_type=\"widget\" data-widget_type=\"text-editor.default\">\n\t\t\t\t\t\t\t\t\t<p class=\"p1\"><strong>Name and Registered Office of the Insurer:<\/strong>\nSignal Iduna Group<\/p>\n<p class=\"p1\"><strong>Territorial Scope of the Insurance:<\/strong>\nGermany<\/p>\t\t\t\t\t\t\t\t<\/div>\n\t\t\t\t<div class=\"elementor-element elementor-element-2ed6b7b elementor-widget elementor-widget-heading\" data-id=\"2ed6b7b\" data-element_type=\"widget\" data-widget_type=\"heading.default\">\n\t\t\t\t\t<h2 class=\"elementor-heading-title elementor-size-default\">Consumer Dispute Resolution \/ Universal Arbitration Board<\/h2>\t\t\t\t<\/div>\n\t\t\t\t<div class=\"elementor-element elementor-element-377a4d7 elementor-widget elementor-widget-text-editor\" data-id=\"377a4d7\" data-element_type=\"widget\" data-widget_type=\"text-editor.default\">\n\t\t\t\t\t\t\t\t\t<p class=\"p1\">We are neither willing nor obligated to participate in dispute resolution proceedings before a consumer arbitration board.<\/p><p class=\"p1\">Source<br \/><span style=\"text-decoration: underline;\"><a href=\"https:\/\/www.e-recht24.de\" target=\"_blank\" rel=\"noopener\">https:\/\/www.e-recht24.de<\/a><\/span><\/p>\t\t\t\t\t\t\t\t<\/div>\n\t\t\t\t\t<\/div>\n\t\t\t\t<\/div>\n\t\t<div class=\"elementor-element elementor-element-542d8a2 e-con-full e-flex e-con e-parent\" data-id=\"542d8a2\" data-element_type=\"container\" data-settings=\"{&quot;background_background&quot;:&quot;classic&quot;}\">\n\t\t<div class=\"elementor-element elementor-element-f69dc83 e-con-full e-flex e-con e-child\" data-id=\"f69dc83\" data-element_type=\"container\">\n\t\t\t\t<div class=\"elementor-element elementor-element-6fa5e99 elementor-widget elementor-widget-heading\" data-id=\"6fa5e99\" data-element_type=\"widget\" data-widget_type=\"heading.default\">\n\t\t\t\t\t<h2 class=\"elementor-heading-title elementor-size-default\">Would you like to make an appointment?<\/h2>\t\t\t\t<\/div>\n\t\t\t\t<div class=\"elementor-element elementor-element-aa286c6 elementor-widget__width-auto elementor-widget elementor-widget-text-editor\" data-id=\"aa286c6\" data-element_type=\"widget\" data-widget_type=\"text-editor.default\">\n\t\t\t\t\t\t\t\t\t<p>Book it online now on our website!<\/p>\t\t\t\t\t\t\t\t<\/div>\n\t\t\t\t<\/div>\n\t\t<div class=\"elementor-element elementor-element-5584d52 e-con-full e-flex e-con e-child\" data-id=\"5584d52\" data-element_type=\"container\">\n\t\t\t\t<div class=\"elementor-element elementor-element-f325ce1 elementor-align-right elementor-mobile-align-left elementor-widget elementor-widget-button\" data-id=\"f325ce1\" data-element_type=\"widget\" data-widget_type=\"button.default\">\n\t\t\t\t\t\t\t\t\t\t<a class=\"elementor-button elementor-button-link elementor-size-sm\" href=\"https:\/\/www.zahnarzt-balan.de\/en\/contact\/\">\n\t\t\t\t\t\t<span class=\"elementor-button-content-wrapper\">\n\t\t\t\t\t\t\t\t\t<span class=\"elementor-button-text\">Make an appointment online<\/span>\n\t\t\t\t\t<\/span>\n\t\t\t\t\t<\/a>\n\t\t\t\t\t\t\t\t<\/div>\n\t\t\t\t<\/div>\n\t\t\t\t<\/div>\n\t\t\t\t<\/div>\n\t\t","protected":false},"excerpt":{"rendered":"<p>Legal Notice Legal notice Dental Practice Dr. med. dent. Robert Balan 36 Hauptstrasse 69117 Heidelberg, Germany Contact Telephone: 06221 \u2013 2 76 10 Fax: 06221 \u2013 61 63 15 E-Mail: info@zahnarzt-balan.de VAT Registration Number VAT identification number in accordance with Section 27a of the Value Added Tax Act: 32011 \/ 39587 Supervisory Authority Association of [&hellip;]<\/p>\n","protected":false},"author":1,"featured_media":0,"parent":0,"menu_order":0,"comment_status":"closed","ping_status":"closed","template":"elementor_header_footer","meta":{"footnotes":""},"class_list":["post-1050","page","type-page","status-publish","hentry"],"yoast_head":"<!-- This site is optimized with the Yoast SEO plugin v26.6 - https:\/\/yoast.com\/wordpress\/plugins\/seo\/ -->\n<title>Legal Notice - Zahnarztpraxis Dr. Balan Heidelberg-Altstadt<\/title>\n<meta name=\"robots\" content=\"index, follow, max-snippet:-1, max-image-preview:large, max-video-preview:-1\" \/>\n<link rel=\"canonical\" href=\"https:\/\/www.zahnarzt-balan.de\/en\/legal-notice\/\" \/>\n<meta property=\"og:locale\" content=\"en_US\" \/>\n<meta property=\"og:type\" content=\"article\" \/>\n<meta property=\"og:title\" content=\"Legal Notice - Zahnarztpraxis Dr. Balan Heidelberg-Altstadt\" \/>\n<meta property=\"og:description\" content=\"Legal Notice Legal notice Dental Practice Dr. med. dent. Robert Balan 36 Hauptstrasse 69117 Heidelberg, Germany Contact Telephone: 06221 \u2013 2 76 10 Fax: 06221 \u2013 61 63 15 E-Mail: info@zahnarzt-balan.de VAT Registration Number VAT identification number in accordance with Section 27a of the Value Added Tax Act: 32011 \/ 39587 Supervisory Authority Association of [&hellip;]\" \/>\n<meta property=\"og:url\" content=\"https:\/\/www.zahnarzt-balan.de\/en\/legal-notice\/\" \/>\n<meta property=\"og:site_name\" content=\"Zahnarztpraxis Dr. Balan Heidelberg-Altstadt\" \/>\n<meta property=\"article:modified_time\" content=\"2026-01-13T05:43:03+00:00\" \/>\n<meta name=\"twitter:card\" content=\"summary_large_image\" \/>\n<meta name=\"twitter:label1\" content=\"Est. reading time\" \/>\n\t<meta name=\"twitter:data1\" content=\"1 minute\" \/>\n<script type=\"application\/ld+json\" class=\"yoast-schema-graph\">{\"@context\":\"https:\/\/schema.org\",\"@graph\":[{\"@type\":\"WebPage\",\"@id\":\"https:\/\/www.zahnarzt-balan.de\/en\/legal-notice\/\",\"url\":\"https:\/\/www.zahnarzt-balan.de\/en\/legal-notice\/\",\"name\":\"Legal Notice - Zahnarztpraxis Dr. Balan Heidelberg-Altstadt\",\"isPartOf\":{\"@id\":\"https:\/\/www.zahnarzt-balan.de\/#website\"},\"datePublished\":\"2025-10-17T07:19:08+00:00\",\"dateModified\":\"2026-01-13T05:43:03+00:00\",\"breadcrumb\":{\"@id\":\"https:\/\/www.zahnarzt-balan.de\/en\/legal-notice\/#breadcrumb\"},\"inLanguage\":\"en-US\",\"potentialAction\":[{\"@type\":\"ReadAction\",\"target\":[\"https:\/\/www.zahnarzt-balan.de\/en\/legal-notice\/\"]}]},{\"@type\":\"BreadcrumbList\",\"@id\":\"https:\/\/www.zahnarzt-balan.de\/en\/legal-notice\/#breadcrumb\",\"itemListElement\":[{\"@type\":\"ListItem\",\"position\":1,\"name\":\"Startseite\",\"item\":\"https:\/\/www.zahnarzt-balan.de\/en\/\"},{\"@type\":\"ListItem\",\"position\":2,\"name\":\"Legal Notice\"}]},{\"@type\":\"WebSite\",\"@id\":\"https:\/\/www.zahnarzt-balan.de\/#website\",\"url\":\"https:\/\/www.zahnarzt-balan.de\/\",\"name\":\"Zahnarztpraxis Dr. Balan Heidelberg-Altstadt\",\"description\":\"\",\"potentialAction\":[{\"@type\":\"SearchAction\",\"target\":{\"@type\":\"EntryPoint\",\"urlTemplate\":\"https:\/\/www.zahnarzt-balan.de\/?s={search_term_string}\"},\"query-input\":{\"@type\":\"PropertyValueSpecification\",\"valueRequired\":true,\"valueName\":\"search_term_string\"}}],\"inLanguage\":\"en-US\"}]}<\/script>\n<!-- \/ Yoast SEO plugin. -->","yoast_head_json":{"title":"Legal Notice - Zahnarztpraxis Dr. Balan Heidelberg-Altstadt","robots":{"index":"index","follow":"follow","max-snippet":"max-snippet:-1","max-image-preview":"max-image-preview:large","max-video-preview":"max-video-preview:-1"},"canonical":"https:\/\/www.zahnarzt-balan.de\/en\/legal-notice\/","og_locale":"en_US","og_type":"article","og_title":"Legal Notice - Zahnarztpraxis Dr. Balan Heidelberg-Altstadt","og_description":"Legal Notice Legal notice Dental Practice Dr. med. dent. Robert Balan 36 Hauptstrasse 69117 Heidelberg, Germany Contact Telephone: 06221 \u2013 2 76 10 Fax: 06221 \u2013 61 63 15 E-Mail: info@zahnarzt-balan.de VAT Registration Number VAT identification number in accordance with Section 27a of the Value Added Tax Act: 32011 \/ 39587 Supervisory Authority Association of [&hellip;]","og_url":"https:\/\/www.zahnarzt-balan.de\/en\/legal-notice\/","og_site_name":"Zahnarztpraxis Dr. Balan Heidelberg-Altstadt","article_modified_time":"2026-01-13T05:43:03+00:00","twitter_card":"summary_large_image","twitter_misc":{"Est. reading time":"1 minute"},"schema":{"@context":"https:\/\/schema.org","@graph":[{"@type":"WebPage","@id":"https:\/\/www.zahnarzt-balan.de\/en\/legal-notice\/","url":"https:\/\/www.zahnarzt-balan.de\/en\/legal-notice\/","name":"Legal Notice - Zahnarztpraxis Dr. Balan Heidelberg-Altstadt","isPartOf":{"@id":"https:\/\/www.zahnarzt-balan.de\/#website"},"datePublished":"2025-10-17T07:19:08+00:00","dateModified":"2026-01-13T05:43:03+00:00","breadcrumb":{"@id":"https:\/\/www.zahnarzt-balan.de\/en\/legal-notice\/#breadcrumb"},"inLanguage":"en-US","potentialAction":[{"@type":"ReadAction","target":["https:\/\/www.zahnarzt-balan.de\/en\/legal-notice\/"]}]},{"@type":"BreadcrumbList","@id":"https:\/\/www.zahnarzt-balan.de\/en\/legal-notice\/#breadcrumb","itemListElement":[{"@type":"ListItem","position":1,"name":"Startseite","item":"https:\/\/www.zahnarzt-balan.de\/en\/"},{"@type":"ListItem","position":2,"name":"Legal Notice"}]},{"@type":"WebSite","@id":"https:\/\/www.zahnarzt-balan.de\/#website","url":"https:\/\/www.zahnarzt-balan.de\/","name":"Zahnarztpraxis Dr. Balan Heidelberg-Altstadt","description":"","potentialAction":[{"@type":"SearchAction","target":{"@type":"EntryPoint","urlTemplate":"https:\/\/www.zahnarzt-balan.de\/?s={search_term_string}"},"query-input":{"@type":"PropertyValueSpecification","valueRequired":true,"valueName":"search_term_string"}}],"inLanguage":"en-US"}]}},"_links":{"self":[{"href":"https:\/\/www.zahnarzt-balan.de\/en\/wp-json\/wp\/v2\/pages\/1050","targetHints":{"allow":["GET"]}}],"collection":[{"href":"https:\/\/www.zahnarzt-balan.de\/en\/wp-json\/wp\/v2\/pages"}],"about":[{"href":"https:\/\/www.zahnarzt-balan.de\/en\/wp-json\/wp\/v2\/types\/page"}],"author":[{"embeddable":true,"href":"https:\/\/www.zahnarzt-balan.de\/en\/wp-json\/wp\/v2\/users\/1"}],"replies":[{"embeddable":true,"href":"https:\/\/www.zahnarzt-balan.de\/en\/wp-json\/wp\/v2\/comments?post=1050"}],"version-history":[{"count":7,"href":"https:\/\/www.zahnarzt-balan.de\/en\/wp-json\/wp\/v2\/pages\/1050\/revisions"}],"predecessor-version":[{"id":1418,"href":"https:\/\/www.zahnarzt-balan.de\/en\/wp-json\/wp\/v2\/pages\/1050\/revisions\/1418"}],"wp:attachment":[{"href":"https:\/\/www.zahnarzt-balan.de\/en\/wp-json\/wp\/v2\/media?parent=1050"}],"curies":[{"name":"wp","href":"https:\/\/api.w.org\/{rel}","templated":true}]}}